{"id":1180,"date":"2025-05-15T11:22:50","date_gmt":"2025-05-15T09:22:50","guid":{"rendered":"https:\/\/instalin.es\/?page_id=1180"},"modified":"2026-02-26T12:21:04","modified_gmt":"2026-02-26T11:21:04","slug":"legal","status":"publish","type":"page","link":"https:\/\/instalin.es\/en\/legal\/","title":{"rendered":"Legal Notice"},"content":{"rendered":"<style type=\"text\/css\" data-created_by=\"avia_inline_auto\" id=\"style-css-av-6c6m7w-37ee8c52bb5cdd5b4c9bfb704cd87099\">\n.avia-section.av-6c6m7w-37ee8c52bb5cdd5b4c9bfb704cd87099{\nmargin-top:0px;\nmargin-bottom:0px;\n}\n<\/style>\n<div id='av_section_1'  class='avia-section av-6c6m7w-37ee8c52bb5cdd5b4c9bfb704cd87099 main_color avia-section-no-padding avia-no-shadow  avia-builder-el-0  el_before_av_section  avia-builder-el-first  dashed-top avia-bg-style-fixed container_wrap fullsize'  ><div class='container av-section-cont-open' ><main  role=\"main\" itemprop=\"mainContentOfPage\"  class='template-page content  av-content-full alpha units'><div class='post-entry post-entry-type-page post-entry-1180'><div class='entry-content-wrapper clearfix'>\n\n<style type=\"text\/css\" data-created_by=\"avia_inline_auto\" id=\"style-css-av-min9cf8v-dd39366cd08823131e4a0a1a7080f6a4\">\n#top .hr.hr-invisible.av-min9cf8v-dd39366cd08823131e4a0a1a7080f6a4{\nheight:30px;\n}\n<\/style>\n<div  class='hr av-min9cf8v-dd39366cd08823131e4a0a1a7080f6a4 hr-invisible  avia-builder-el-1  el_before_av_heading  avia-builder-el-first'><span class='hr-inner'><span class=\"hr-inner-style\"><\/span><\/span><\/div>\n\n<style type=\"text\/css\" data-created_by=\"avia_inline_auto\" id=\"style-css-av-26jbbg-5690eb304788a452631271ec98564a52\">\n#top .av-special-heading.av-26jbbg-5690eb304788a452631271ec98564a52{\nmargin:10px 0 10px 0;\npadding-bottom:10px;\ncolor:#000000;\nfont-size:70px;\n}\nbody .av-special-heading.av-26jbbg-5690eb304788a452631271ec98564a52 .av-special-heading-tag .heading-char{\nfont-size:25px;\n}\n#top #wrap_all .av-special-heading.av-26jbbg-5690eb304788a452631271ec98564a52 .av-special-heading-tag{\nfont-size:70px;\npadding:0 0 0 0;\n}\n.av-special-heading.av-26jbbg-5690eb304788a452631271ec98564a52 .special-heading-inner-border{\nborder-color:#000000;\n}\n.av-special-heading.av-26jbbg-5690eb304788a452631271ec98564a52 .av-subheading{\nfont-size:15px;\n}\n\n@media only screen and (min-width: 480px) and (max-width: 767px){ \n#top #wrap_all .av-special-heading.av-26jbbg-5690eb304788a452631271ec98564a52 .av-special-heading-tag{\nfont-size:0.8em;\n}\n}\n\n@media only screen and (max-width: 479px){ \n#top #wrap_all .av-special-heading.av-26jbbg-5690eb304788a452631271ec98564a52 .av-special-heading-tag{\nfont-size:0.8em;\n}\n}\n<\/style>\n<div  class='av-special-heading av-26jbbg-5690eb304788a452631271ec98564a52 av-special-heading-h1 custom-color-heading blockquote modern-quote  avia-builder-el-2  el_after_av_hr  avia-builder-el-last  av-inherit-size'><h1 class='av-special-heading-tag'  itemprop=\"headline\"  >Legal Notice<\/h1><div class=\"special-heading-border\"><div class=\"special-heading-inner-border\"><\/div><\/div><\/div>\n\n<\/div><\/div><\/main><!-- close content main element --><\/div><\/div>\n<style type=\"text\/css\" data-created_by=\"avia_inline_auto\" id=\"style-css-av-64jmj0-4db584513271e75b928fc1ce7b12a3a3\">\n.avia-section.av-64jmj0-4db584513271e75b928fc1ce7b12a3a3{\nmargin-top:0px;\nmargin-bottom:0px;\n}\n<\/style>\n<div id='av_section_2'  class='avia-section av-64jmj0-4db584513271e75b928fc1ce7b12a3a3 main_color avia-section-no-padding avia-no-shadow  avia-builder-el-3  el_after_av_section  avia-builder-el-last  dotted-top avia-bg-style-fixed container_wrap fullsize'  ><div class='container av-section-cont-open' ><div class='template-page content  av-content-full alpha units'><div class='post-entry post-entry-type-page post-entry-1180'><div class='entry-content-wrapper clearfix'>\n\n<style type=\"text\/css\" data-created_by=\"avia_inline_auto\" id=\"style-css-av-2le2v0-d9a183cd3944a851f5417f9ae6f38371\">\n#top .hr.hr-invisible.av-2le2v0-d9a183cd3944a851f5417f9ae6f38371{\nheight:30px;\n}\n<\/style>\n<div  class='hr av-2le2v0-d9a183cd3944a851f5417f9ae6f38371 hr-invisible  avia-builder-el-4  el_before_av_one_half  avia-builder-el-first'><span class='hr-inner'><span class=\"hr-inner-style\"><\/span><\/span><\/div>\n\n<style type=\"text\/css\" data-created_by=\"avia_inline_auto\" id=\"style-css-av-3yau7g-78f26820e1aec8eba58f5ade385b79cb\">\n#top .flex_column.av-3yau7g-78f26820e1aec8eba58f5ade385b79cb{\nmargin-top:0px;\nmargin-bottom:0px;\n}\n.flex_column.av-3yau7g-78f26820e1aec8eba58f5ade385b79cb{\npadding:0 0 0 0;\n}\n.responsive #top #wrap_all .flex_column.av-3yau7g-78f26820e1aec8eba58f5ade385b79cb{\nmargin-top:0px;\nmargin-bottom:0px;\n}\n<\/style>\n<div  class='flex_column av-3yau7g-78f26820e1aec8eba58f5ade385b79cb av_one_half  avia-builder-el-5  el_after_av_hr  el_before_av_one_half  first flex_column_div av-zero-column-padding'     ><style type=\"text\/css\" data-created_by=\"avia_inline_auto\" id=\"style-css-av-31rxfg-52f81280be5903355679dbf384620484\">\n#top .av_textblock_section.av-31rxfg-52f81280be5903355679dbf384620484 .avia_textblock{\npadding:0 0 0 0;\n}\n<\/style>\n<section  class='av_textblock_section av-31rxfg-52f81280be5903355679dbf384620484'   itemscope=\"itemscope\" itemtype=\"https:\/\/schema.org\/CreativeWork\" ><div class='avia_textblock av_inherit_color'  itemprop=\"text\" ><p><strong>1. ACEPTACI\u00d3N:<\/strong><br \/>\nEl presente aviso regula el uso del servicio de la p\u00e1gina web \u00abwww.instalin.es\u00bb (en adelante \u00abweb site\u00bb) de INSTALIN JMC S.L. (en adelante \u00abPropietario\u00bb) con nif B56932015 de acuerdo con las Leyes Espa\u00f1olas.<\/p>\n<p>INSTALIN JMC<br \/>\nC. Aribau, 168 &#8211; P. 1 Pta. 1<br \/>\n08036 Barcelona<\/p>\n<p>Dominios: instalin.es<br \/>\nE-mail: info@instalin.es<\/p>\n<p>El Usuario deber\u00e1 leer todos los avisos legales incluyendo la nota de Privacidad que se proporcionan en este web site indicados antes de solicitar cada servicio.<\/p>\n<p>Este web site facilita a los Usuarios la utilizaci\u00f3n algunos servicios del Propietario y su uso compromete al Usuario a la aceptaci\u00f3n de todas las disposiciones incluidas en este documento en el momento en que el Usuario use el web site ya que puede sufrir modificaciones. Por otro lado, el Usuario asume que el web site est\u00e1 condicionado a Internet y \u00e9ste no tiene una seguridad totalmente invulnerable excluyendo el Propietario en casos de la alteraci\u00f3n de esta seguridad.<\/p>\n<p><strong>2. CONDICIONES DE USO:<\/strong><br \/>\nEl Usuario se compromete a utilizar el web site, servicios y contenidos respetando la moral, las buenas costumbres generalmente aceptadas y el orden p\u00fablico. El Usuario se abstendr\u00e1 de utilizar cualquiera de los Servicios con fines o efectos il\u00edcitos, prohibidos en el presente Aviso Legal, lesivos de los derechos e intereses de terceros. El Usuario se compromete a no transmitir, difundir, modificar, descompilar o poner a disposici\u00f3n de terceros informaci\u00f3n o material contenido en el web site.<\/p>\n<p><strong>3. ENV\u00cdO DE CORREO:<\/strong><br \/>\nEl Usuario no podr\u00e1 ni remitir ni enviar ni utilizar informaci\u00f3n facilitada por el Propietario a terceros sin haberlo solicitado.<\/p>\n<p><strong>4. MARCAS:<\/strong><br \/>\nTodas las marcas o distintivos de \u00e9stas que aparecen en el web site s\u00f3n propiedad del Propietario o de terceros y no dan libertad al Usuario ning\u00fan derecho de explotaci\u00f3n de \u00e9stos salvo lo estrictamente necesario para el correcto uso del web site.<\/p>\n<\/div><\/section><\/div>\n<style type=\"text\/css\" data-created_by=\"avia_inline_auto\" id=\"style-css-av-1zhbss-17e538aaf481cbe1877b1ccf64c57cef\">\n#top .flex_column.av-1zhbss-17e538aaf481cbe1877b1ccf64c57cef{\nmargin-top:0px;\nmargin-bottom:0px;\n}\n.flex_column.av-1zhbss-17e538aaf481cbe1877b1ccf64c57cef{\npadding:0 0 0 0;\n}\n.responsive #top #wrap_all .flex_column.av-1zhbss-17e538aaf481cbe1877b1ccf64c57cef{\nmargin-top:0px;\nmargin-bottom:0px;\n}\n<\/style>\n<div  class='flex_column av-1zhbss-17e538aaf481cbe1877b1ccf64c57cef av_one_half  avia-builder-el-7  el_after_av_one_half  avia-builder-el-last  flex_column_div av-zero-column-padding'     ><style type=\"text\/css\" data-created_by=\"avia_inline_auto\" id=\"style-css-av-min0njo5-39838a56f70aae16007680fb17c5b3e5\">\n#top .av_textblock_section.av-min0njo5-39838a56f70aae16007680fb17c5b3e5 .avia_textblock{\npadding:0 0 0 0;\n}\n<\/style>\n<section  class='av_textblock_section av-min0njo5-39838a56f70aae16007680fb17c5b3e5'   itemscope=\"itemscope\" itemtype=\"https:\/\/schema.org\/CreativeWork\" ><div class='avia_textblock av_inherit_color'  itemprop=\"text\" ><p><strong>5. INCLUIR HIPERENLACES HACIA EL WEB SITE:<\/strong><br \/>\nAquellos Usuarios o terceros que quieran tener un enlace accediendo al web site del Propietario deber\u00e1n cumplir que la p\u00e1gina web en la que se establezca el hiperenlace no contendr\u00e1 informaciones o contenidos il\u00edcitos, contrarios a la moral y a las buenas costumbres generalmente aceptadas y al orden p\u00fablico, as\u00ed como tampoco contendr\u00e1 informaci\u00f3n contraria a cualquier derecho de terceros.<\/p>\n<p><strong>6. CONTENIDO:<\/strong><br \/>\nEl Propietario no asume responsabilidad alguna en relaci\u00f3n directa o indirecta con el material incluido en este web site ni se responsabiliza de actos ocasionados por terceros que afecten al web site. Adem\u00e1s podr\u00e1 retirar o suspender en cualquier momento y sin necesidad de aviso previo la prestaci\u00f3n de los Servicios a aquellos Usuarios que incumplan lo establecido en el presente Aviso Legal.<\/p>\n<p><strong>7. MODIFICACIONES:<\/strong><br \/>\nEl Propietario se reserva el derecho a modificar informaci\u00f3n, servicios y condiciones contenidos en este web site as\u00ed como en sus notificaciones por email.<\/p>\n<p>Para cualquier notificaci\u00f3n, los Usuarios tambi\u00e9n podr\u00e1n ponerse en contacto con el Propietario a trav\u00e9s de email.<\/p>\n<p><strong>8. PRIVACIDAD<\/strong><\/p>\n<p>Los datos de car\u00e1cter personal que se faciliten por correo electr\u00f3nico, quedar\u00e1n registrados \u00fanicamente en un fichero deL Propietario, con la finalidad de gestionar la solicitud. Se puede ejercitar los derechos de acceso, rectificaci\u00f3n, cancelaci\u00f3n y oposici\u00f3n enviando un email.<\/p>\n<\/div><\/section><\/div>","protected":false},"excerpt":{"rendered":"","protected":false},"author":1,"featured_media":0,"parent":0,"menu_order":0,"comment_status":"closed","ping_status":"closed","template":"","meta":{"_joinchat":[],"footnotes":""},"class_list":["post-1180","page","type-page","status-publish","hentry"],"yoast_head":"<!-- This site is optimized with the Yoast SEO plugin v27.4 - https:\/\/yoast.com\/product\/yoast-seo-wordpress\/ -->\n<title>Nota Legal - INSTALIN_Results delivered<\/title>\n<meta name=\"robots\" content=\"noindex, follow\" \/>\n<meta property=\"og:locale\" content=\"en_US\" \/>\n<meta property=\"og:type\" content=\"article\" \/>\n<meta property=\"og:title\" content=\"Nota Legal - INSTALIN_Results delivered\" \/>\n<meta property=\"og:url\" content=\"https:\/\/instalin.es\/en\/legal\/\" \/>\n<meta property=\"og:site_name\" content=\"INSTALIN_Results delivered\" \/>\n<meta property=\"article:modified_time\" content=\"2026-02-26T11:21:04+00:00\" \/>\n<meta name=\"twitter:card\" content=\"summary_large_image\" \/>\n<meta name=\"twitter:label1\" content=\"Est. reading time\" \/>\n\t<meta name=\"twitter:data1\" content=\"3 minutes\" \/>\n<script type=\"application\/ld+json\" class=\"yoast-schema-graph\">{\"@context\":\"https:\\\/\\\/schema.org\",\"@graph\":[{\"@type\":\"WebPage\",\"@id\":\"https:\\\/\\\/instalin.es\\\/legal\\\/\",\"url\":\"https:\\\/\\\/instalin.es\\\/legal\\\/\",\"name\":\"Nota Legal - INSTALIN_Results delivered\",\"isPartOf\":{\"@id\":\"https:\\\/\\\/instalin.es\\\/#website\"},\"datePublished\":\"2025-05-15T09:22:50+00:00\",\"dateModified\":\"2026-02-26T11:21:04+00:00\",\"breadcrumb\":{\"@id\":\"https:\\\/\\\/instalin.es\\\/legal\\\/#breadcrumb\"},\"inLanguage\":\"en-US\",\"potentialAction\":[{\"@type\":\"ReadAction\",\"target\":[\"https:\\\/\\\/instalin.es\\\/legal\\\/\"]}]},{\"@type\":\"BreadcrumbList\",\"@id\":\"https:\\\/\\\/instalin.es\\\/legal\\\/#breadcrumb\",\"itemListElement\":[{\"@type\":\"ListItem\",\"position\":1,\"name\":\"Home\",\"item\":\"https:\\\/\\\/instalin.es\\\/home\\\/\"},{\"@type\":\"ListItem\",\"position\":2,\"name\":\"Nota Legal\"}]},{\"@type\":\"WebSite\",\"@id\":\"https:\\\/\\\/instalin.es\\\/#website\",\"url\":\"https:\\\/\\\/instalin.es\\\/\",\"name\":\"INSTALIN_Results delivered\",\"description\":\"Transformaci\u00f3n industrial desde el campo, no desde el despacho\",\"potentialAction\":[{\"@type\":\"SearchAction\",\"target\":{\"@type\":\"EntryPoint\",\"urlTemplate\":\"https:\\\/\\\/instalin.es\\\/?s={search_term_string}\"},\"query-input\":{\"@type\":\"PropertyValueSpecification\",\"valueRequired\":true,\"valueName\":\"search_term_string\"}}],\"inLanguage\":\"en-US\"}]}<\/script>\n<!-- \/ Yoast SEO plugin. -->","yoast_head_json":{"title":"Nota Legal - INSTALIN_Results delivered","robots":{"index":"noindex","follow":"follow"},"og_locale":"en_US","og_type":"article","og_title":"Nota Legal - INSTALIN_Results delivered","og_url":"https:\/\/instalin.es\/en\/legal\/","og_site_name":"INSTALIN_Results delivered","article_modified_time":"2026-02-26T11:21:04+00:00","twitter_card":"summary_large_image","twitter_misc":{"Est. reading time":"3 minutes"},"schema":{"@context":"https:\/\/schema.org","@graph":[{"@type":"WebPage","@id":"https:\/\/instalin.es\/legal\/","url":"https:\/\/instalin.es\/legal\/","name":"Nota Legal - INSTALIN_Results delivered","isPartOf":{"@id":"https:\/\/instalin.es\/#website"},"datePublished":"2025-05-15T09:22:50+00:00","dateModified":"2026-02-26T11:21:04+00:00","breadcrumb":{"@id":"https:\/\/instalin.es\/legal\/#breadcrumb"},"inLanguage":"en-US","potentialAction":[{"@type":"ReadAction","target":["https:\/\/instalin.es\/legal\/"]}]},{"@type":"BreadcrumbList","@id":"https:\/\/instalin.es\/legal\/#breadcrumb","itemListElement":[{"@type":"ListItem","position":1,"name":"Home","item":"https:\/\/instalin.es\/home\/"},{"@type":"ListItem","position":2,"name":"Nota Legal"}]},{"@type":"WebSite","@id":"https:\/\/instalin.es\/#website","url":"https:\/\/instalin.es\/","name":"INSTALIN_Results delivered","description":"Transformaci\u00f3n industrial desde el campo, no desde el despacho","potentialAction":[{"@type":"SearchAction","target":{"@type":"EntryPoint","urlTemplate":"https:\/\/instalin.es\/?s={search_term_string}"},"query-input":{"@type":"PropertyValueSpecification","valueRequired":true,"valueName":"search_term_string"}}],"inLanguage":"en-US"}]}},"_links":{"self":[{"href":"https:\/\/instalin.es\/en\/wp-json\/wp\/v2\/pages\/1180","targetHints":{"allow":["GET"]}}],"collection":[{"href":"https:\/\/instalin.es\/en\/wp-json\/wp\/v2\/pages"}],"about":[{"href":"https:\/\/instalin.es\/en\/wp-json\/wp\/v2\/types\/page"}],"author":[{"embeddable":true,"href":"https:\/\/instalin.es\/en\/wp-json\/wp\/v2\/users\/1"}],"replies":[{"embeddable":true,"href":"https:\/\/instalin.es\/en\/wp-json\/wp\/v2\/comments?post=1180"}],"version-history":[{"count":0,"href":"https:\/\/instalin.es\/en\/wp-json\/wp\/v2\/pages\/1180\/revisions"}],"wp:attachment":[{"href":"https:\/\/instalin.es\/en\/wp-json\/wp\/v2\/media?parent=1180"}],"curies":[{"name":"wp","href":"https:\/\/api.w.org\/{rel}","templated":true}]}}