{"id":3,"date":"2022-09-12T15:45:03","date_gmt":"2022-09-12T15:45:03","guid":{"rendered":"https:\/\/instalin.es\/?page_id=3"},"modified":"2026-02-26T12:17:13","modified_gmt":"2026-02-26T11:17:13","slug":"privacidad","status":"publish","type":"page","link":"https:\/\/instalin.es\/en\/privacidad\/","title":{"rendered":"Privacy and Cookies Policy"},"content":{"rendered":"<style type=\"text\/css\" data-created_by=\"avia_inline_auto\" id=\"style-css-av-bwmn-be1a2de5dc30c3b341cdb96ae5f9cf27\">\n.avia-section.av-bwmn-be1a2de5dc30c3b341cdb96ae5f9cf27{\nmargin-top:0px;\nmargin-bottom:0px;\n}\n<\/style>\n<div id='av_section_1'  class='avia-section av-bwmn-be1a2de5dc30c3b341cdb96ae5f9cf27 main_color avia-section-no-padding avia-no-shadow  avia-builder-el-0  el_before_av_section  avia-builder-el-first  dotted-top avia-bg-style-fixed container_wrap fullsize'  ><div class='container av-section-cont-open' ><main  role=\"main\" itemprop=\"mainContentOfPage\"  class='template-page content  av-content-full alpha units'><div class='post-entry post-entry-type-page post-entry-3'><div class='entry-content-wrapper clearfix'>\n\n<style type=\"text\/css\" data-created_by=\"avia_inline_auto\" id=\"style-css-av-8hrl-349c596c9f350b0428ad14b68d20b442\">\n#top .hr.hr-invisible.av-8hrl-349c596c9f350b0428ad14b68d20b442{\nheight:30px;\n}\n<\/style>\n<div  class='hr av-8hrl-349c596c9f350b0428ad14b68d20b442 hr-invisible  avia-builder-el-1  el_before_av_heading  avia-builder-el-first'><span class='hr-inner'><span class=\"hr-inner-style\"><\/span><\/span><\/div>\n\n<style type=\"text\/css\" data-created_by=\"avia_inline_auto\" id=\"style-css-av-min9nt8r-ca7ae96e1cc815785adf9ab8650f06b2\">\n#top .av-special-heading.av-min9nt8r-ca7ae96e1cc815785adf9ab8650f06b2{\nmargin:10px 0 10px 0;\npadding-bottom:10px;\ncolor:#000000;\nfont-size:70px;\n}\nbody .av-special-heading.av-min9nt8r-ca7ae96e1cc815785adf9ab8650f06b2 .av-special-heading-tag .heading-char{\nfont-size:25px;\n}\n#top #wrap_all .av-special-heading.av-min9nt8r-ca7ae96e1cc815785adf9ab8650f06b2 .av-special-heading-tag{\nfont-size:70px;\npadding:0 0 0 0;\n}\n.av-special-heading.av-min9nt8r-ca7ae96e1cc815785adf9ab8650f06b2 .special-heading-inner-border{\nborder-color:#000000;\n}\n.av-special-heading.av-min9nt8r-ca7ae96e1cc815785adf9ab8650f06b2 .av-subheading{\nfont-size:15px;\n}\n\n@media only screen and (min-width: 480px) and (max-width: 767px){ \n#top #wrap_all .av-special-heading.av-min9nt8r-ca7ae96e1cc815785adf9ab8650f06b2 .av-special-heading-tag{\nfont-size:0.8em;\n}\n}\n\n@media only screen and (max-width: 479px){ \n#top #wrap_all .av-special-heading.av-min9nt8r-ca7ae96e1cc815785adf9ab8650f06b2 .av-special-heading-tag{\nfont-size:0.8em;\n}\n}\n<\/style>\n<div  class='av-special-heading av-min9nt8r-ca7ae96e1cc815785adf9ab8650f06b2 av-special-heading-h1 custom-color-heading blockquote modern-quote  avia-builder-el-2  el_after_av_hr  avia-builder-el-last  av-inherit-size'><h1 class='av-special-heading-tag'  itemprop=\"headline\"  >Privacy and Cookies Policy<\/h1><div class=\"special-heading-border\"><div class=\"special-heading-inner-border\"><\/div><\/div><\/div>\n<\/div><\/div><\/main><!-- close content main element --><\/div><\/div>\n<style type=\"text\/css\" data-created_by=\"avia_inline_auto\" id=\"style-css-av-a017-34a8ec4a00fa106c37cbd0b7cab162ee\">\n.avia-section.av-a017-34a8ec4a00fa106c37cbd0b7cab162ee{\nmargin-top:0px;\nmargin-bottom:0px;\n}\n<\/style>\n<div id='av_section_2'  class='avia-section av-a017-34a8ec4a00fa106c37cbd0b7cab162ee main_color avia-section-no-padding avia-no-shadow  avia-builder-el-3  el_after_av_section  avia-builder-el-last  dotted-top avia-bg-style-fixed container_wrap fullsize'  ><div class='container av-section-cont-open' ><div class='template-page content  av-content-full alpha units'><div class='post-entry post-entry-type-page post-entry-3'><div class='entry-content-wrapper clearfix'>\n\n<style type=\"text\/css\" data-created_by=\"avia_inline_auto\" id=\"style-css-av-2dqh-37344fc4fe9bc5e0ab9d9f8538000bd8\">\n#top .hr.hr-invisible.av-2dqh-37344fc4fe9bc5e0ab9d9f8538000bd8{\nheight:30px;\n}\n<\/style>\n<div  class='hr av-2dqh-37344fc4fe9bc5e0ab9d9f8538000bd8 hr-invisible  avia-builder-el-4  el_before_av_one_half  avia-builder-el-first'><span class='hr-inner'><span class=\"hr-inner-style\"><\/span><\/span><\/div>\n\n<style type=\"text\/css\" data-created_by=\"avia_inline_auto\" id=\"style-css-av-5mlz-a5b3eb808c93edc9d32c360dbb15fad2\">\n#top .flex_column.av-5mlz-a5b3eb808c93edc9d32c360dbb15fad2{\nmargin-top:0px;\nmargin-bottom:0px;\n}\n.flex_column.av-5mlz-a5b3eb808c93edc9d32c360dbb15fad2{\npadding:0 0 0 0;\n}\n.responsive #top #wrap_all .flex_column.av-5mlz-a5b3eb808c93edc9d32c360dbb15fad2{\nmargin-top:0px;\nmargin-bottom:0px;\n}\n<\/style>\n<div  class='flex_column av-5mlz-a5b3eb808c93edc9d32c360dbb15fad2 av_one_half  avia-builder-el-5  el_after_av_hr  el_before_av_one_half  first flex_column_div av-zero-column-padding'     ><style type=\"text\/css\" data-created_by=\"avia_inline_auto\" id=\"style-css-av-mj7g8j84-941d0f1076f8d05977fec989d26c3504\">\n#top .av_textblock_section.av-mj7g8j84-941d0f1076f8d05977fec989d26c3504 .avia_textblock{\npadding:0 0 0 0;\n}\n<\/style>\n<section  class='av_textblock_section av-mj7g8j84-941d0f1076f8d05977fec989d26c3504'   itemscope=\"itemscope\" itemtype=\"https:\/\/schema.org\/CreativeWork\" ><div class='avia_textblock av_inherit_color'  itemprop=\"text\" ><p>Los datos personales vinculados a esta p\u00e1gina web respetan las exigencias del Reglamento General de Protecci\u00f3n de datos, como normativa europea, y de la legislaci\u00f3n espa\u00f1ola vigente en materia de protecci\u00f3n de datos personales.<\/p>\n<p>ISNTALIN, tratar\u00e1 los datos personales que se recojan a trav\u00e9s de esta web cumpliendo c\u200bon la legislaci\u00f3n y normativa vigente. As\u00ed la remisi\u00f3n de datos por parte de los interesados es absolutamente voluntaria y es debidamente anunciada.<\/p>\n<p><strong>Responsables del tratamiento<\/strong><br \/>\nEl Responsable del tratamiento es \u200b\u200b\u200b\u200b\u200b\u200bINSTALIN.<\/p>\n<p><strong>Finalidades<\/strong><br \/>\nLos datos personales que se proporcionen a trav\u00e9s de la web ser\u00e1n tratados para la gesti\u00f3n del contacto o de la consulta realizada, y en su caso, si se produce posterior encargo, para la gesti\u00f3n profesional del servicio, la gesti\u00f3n administrativa, as\u00ed como el archivo de expedientes.<\/p>\n<p><strong>Legitimaci\u00f3n del tratamiento<\/strong><br \/>\nLa legitimaci\u00f3n del tratamiento de sus datos es el consentimiento que presta cuando contin\u00faa navegando por nuestra web, o enviando el formulario de contacto o la consulta. Si se produce el encargo profesional, la legitimaci\u00f3n del tratamiento ser\u00e1 la relaci\u00f3n contractual que se establezca y el cumplimiento de las obligaciones profesionales y legales derivadas del mismo.<\/p>\n<p><strong>Comunicaci\u00f3n de los datos<\/strong><br \/>\nLos datos derivados del contacto y de la consulta no ser\u00e1n comunicados a terceros. En el caso de que posteriormente se produzca el encargo profesional, los datos personales proporcionados por el cliente podr\u00e1n ser comunicados a diferentes Organismos Oficiales (Hacienda, Seguridad Social, etc) as\u00ed como a otros colaboradores que deban intervenir en el cumplimiento del encargo encomendado (consultores, asesores, etc).<\/p>\n<\/div><\/section><\/div>\n<style type=\"text\/css\" data-created_by=\"avia_inline_auto\" id=\"style-css-av-2kct-7e0ce2f775e8682874fe108046a66292\">\n#top .flex_column.av-2kct-7e0ce2f775e8682874fe108046a66292{\nmargin-top:0px;\nmargin-bottom:0px;\n}\n.flex_column.av-2kct-7e0ce2f775e8682874fe108046a66292{\npadding:0 0 0 0;\n}\n.responsive #top #wrap_all .flex_column.av-2kct-7e0ce2f775e8682874fe108046a66292{\nmargin-top:0px;\nmargin-bottom:0px;\n}\n<\/style>\n<div  class='flex_column av-2kct-7e0ce2f775e8682874fe108046a66292 av_one_half  avia-builder-el-7  el_after_av_one_half  avia-builder-el-last  flex_column_div av-zero-column-padding'     ><style type=\"text\/css\" data-created_by=\"avia_inline_auto\" id=\"style-css-av-min9o9hs-722bfaac6b6f55b3d30e12457df2b34d\">\n#top .av_textblock_section.av-min9o9hs-722bfaac6b6f55b3d30e12457df2b34d .avia_textblock{\npadding:0 0 0 0;\n}\n<\/style>\n<section  class='av_textblock_section av-min9o9hs-722bfaac6b6f55b3d30e12457df2b34d'   itemscope=\"itemscope\" itemtype=\"https:\/\/schema.org\/CreativeWork\" ><div class='avia_textblock av_inherit_color'  itemprop=\"text\" ><p><strong>Derechos de los interesados<\/strong><br \/>\nCualquier persona tiene derecho a obtener informaci\u00f3n sobre si INSTALIN, trata datos personales que le conciernen, o no. Las personas interesadas tienen derecho a acceder a sus datos y a obtener una copia de los mismos, a actualizarlos, rectificarlos si son inexactos, a la limitaci\u00f3n u oposici\u00f3n al tratamiento, o a solicitar su supresi\u00f3n cuando ya no sean necesarios para la finalidad que fueron recogidos. Tambi\u00e9n tiene derecho a retirar el consentimiento prestado y a reclamar ante la Autoridad de Control cuando considere que cualquiera de los derechos anteriores no ha sido atendido de acuerdo a lo establecido en el RGPD.<\/p>\n<p><strong>Ejercicio de sus derechos<\/strong><br \/>\nPara ejercitar los derechos detallados en el apartado anterior deber\u00e1n dirigir su petici\u00f3n, por escrito y adjuntando una fotocopia de su DNI, a INSTALIN, \u200b\u200bo al mail: info@instalin.es<\/p>\n<p><strong>Cookies<\/strong><br \/>\nINSTALIN le informa que tiene instaladas cookies en sus sistemas. Las cookies son peque\u00f1os archivos de texto que el navegador almacena dentro del disco duro de su ordenador. Cuando Usted navega a trav\u00e9s de la p\u00e1gina web de INSTALIN, el servidor podr\u00e1 reconocer la cookie y proporcionar informaci\u00f3n sobre su \u00faltima visita. La mayor\u00eda de los navegadores admiten el uso de cookies de forma autom\u00e1tica, pero Usted puede configurar su navegador para ser avisado en la pantalla de su ordenador sobre la recepci\u00f3n de cookies y, de esta forma impedir su instalaci\u00f3n en su disco duro.<\/p>\n<\/div><\/section><\/div>\n<\/p>","protected":false},"excerpt":{"rendered":"","protected":false},"author":1,"featured_media":0,"parent":0,"menu_order":0,"comment_status":"closed","ping_status":"closed","template":"","meta":{"_joinchat":[],"footnotes":""},"class_list":["post-3","page","type-page","status-publish","hentry"],"yoast_head":"<!-- This site is optimized with the Yoast SEO plugin v27.4 - https:\/\/yoast.com\/product\/yoast-seo-wordpress\/ -->\n<title>Pol\u00edtica de privacidad y cookies - INSTALIN_Results delivered<\/title>\n<meta name=\"robots\" content=\"noindex, follow\" \/>\n<meta property=\"og:locale\" content=\"en_US\" \/>\n<meta property=\"og:type\" content=\"article\" \/>\n<meta property=\"og:title\" content=\"Pol\u00edtica de privacidad y cookies - INSTALIN_Results delivered\" \/>\n<meta property=\"og:url\" content=\"https:\/\/instalin.es\/en\/privacidad\/\" \/>\n<meta property=\"og:site_name\" content=\"INSTALIN_Results delivered\" \/>\n<meta property=\"article:modified_time\" content=\"2026-02-26T11:17:13+00:00\" \/>\n<meta name=\"twitter:card\" content=\"summary_large_image\" \/>\n<meta name=\"twitter:label1\" content=\"Est. reading time\" \/>\n\t<meta name=\"twitter:data1\" content=\"3 minutes\" \/>\n<script type=\"application\/ld+json\" class=\"yoast-schema-graph\">{\"@context\":\"https:\\\/\\\/schema.org\",\"@graph\":[{\"@type\":\"WebPage\",\"@id\":\"https:\\\/\\\/instalin.es\\\/privacidad\\\/\",\"url\":\"https:\\\/\\\/instalin.es\\\/privacidad\\\/\",\"name\":\"Pol\u00edtica de privacidad y cookies - INSTALIN_Results delivered\",\"isPartOf\":{\"@id\":\"https:\\\/\\\/instalin.es\\\/#website\"},\"datePublished\":\"2022-09-12T15:45:03+00:00\",\"dateModified\":\"2026-02-26T11:17:13+00:00\",\"breadcrumb\":{\"@id\":\"https:\\\/\\\/instalin.es\\\/privacidad\\\/#breadcrumb\"},\"inLanguage\":\"en-US\",\"potentialAction\":[{\"@type\":\"ReadAction\",\"target\":[\"https:\\\/\\\/instalin.es\\\/privacidad\\\/\"]}]},{\"@type\":\"BreadcrumbList\",\"@id\":\"https:\\\/\\\/instalin.es\\\/privacidad\\\/#breadcrumb\",\"itemListElement\":[{\"@type\":\"ListItem\",\"position\":1,\"name\":\"Home\",\"item\":\"https:\\\/\\\/instalin.es\\\/home\\\/\"},{\"@type\":\"ListItem\",\"position\":2,\"name\":\"Pol\u00edtica de privacidad y cookies\"}]},{\"@type\":\"WebSite\",\"@id\":\"https:\\\/\\\/instalin.es\\\/#website\",\"url\":\"https:\\\/\\\/instalin.es\\\/\",\"name\":\"INSTALIN_Results delivered\",\"description\":\"Transformaci\u00f3n industrial desde el campo, no desde el despacho\",\"potentialAction\":[{\"@type\":\"SearchAction\",\"target\":{\"@type\":\"EntryPoint\",\"urlTemplate\":\"https:\\\/\\\/instalin.es\\\/?s={search_term_string}\"},\"query-input\":{\"@type\":\"PropertyValueSpecification\",\"valueRequired\":true,\"valueName\":\"search_term_string\"}}],\"inLanguage\":\"en-US\"}]}<\/script>\n<!-- \/ Yoast SEO plugin. -->","yoast_head_json":{"title":"Pol\u00edtica de privacidad y cookies - INSTALIN_Results delivered","robots":{"index":"noindex","follow":"follow"},"og_locale":"en_US","og_type":"article","og_title":"Pol\u00edtica de privacidad y cookies - INSTALIN_Results delivered","og_url":"https:\/\/instalin.es\/en\/privacidad\/","og_site_name":"INSTALIN_Results delivered","article_modified_time":"2026-02-26T11:17:13+00:00","twitter_card":"summary_large_image","twitter_misc":{"Est. reading time":"3 minutes"},"schema":{"@context":"https:\/\/schema.org","@graph":[{"@type":"WebPage","@id":"https:\/\/instalin.es\/privacidad\/","url":"https:\/\/instalin.es\/privacidad\/","name":"Pol\u00edtica de privacidad y cookies - INSTALIN_Results delivered","isPartOf":{"@id":"https:\/\/instalin.es\/#website"},"datePublished":"2022-09-12T15:45:03+00:00","dateModified":"2026-02-26T11:17:13+00:00","breadcrumb":{"@id":"https:\/\/instalin.es\/privacidad\/#breadcrumb"},"inLanguage":"en-US","potentialAction":[{"@type":"ReadAction","target":["https:\/\/instalin.es\/privacidad\/"]}]},{"@type":"BreadcrumbList","@id":"https:\/\/instalin.es\/privacidad\/#breadcrumb","itemListElement":[{"@type":"ListItem","position":1,"name":"Home","item":"https:\/\/instalin.es\/home\/"},{"@type":"ListItem","position":2,"name":"Pol\u00edtica de privacidad y cookies"}]},{"@type":"WebSite","@id":"https:\/\/instalin.es\/#website","url":"https:\/\/instalin.es\/","name":"INSTALIN_Results delivered","description":"Transformaci\u00f3n industrial desde el campo, no desde el despacho","potentialAction":[{"@type":"SearchAction","target":{"@type":"EntryPoint","urlTemplate":"https:\/\/instalin.es\/?s={search_term_string}"},"query-input":{"@type":"PropertyValueSpecification","valueRequired":true,"valueName":"search_term_string"}}],"inLanguage":"en-US"}]}},"_links":{"self":[{"href":"https:\/\/instalin.es\/en\/wp-json\/wp\/v2\/pages\/3","targetHints":{"allow":["GET"]}}],"collection":[{"href":"https:\/\/instalin.es\/en\/wp-json\/wp\/v2\/pages"}],"about":[{"href":"https:\/\/instalin.es\/en\/wp-json\/wp\/v2\/types\/page"}],"author":[{"embeddable":true,"href":"https:\/\/instalin.es\/en\/wp-json\/wp\/v2\/users\/1"}],"replies":[{"embeddable":true,"href":"https:\/\/instalin.es\/en\/wp-json\/wp\/v2\/comments?post=3"}],"version-history":[{"count":0,"href":"https:\/\/instalin.es\/en\/wp-json\/wp\/v2\/pages\/3\/revisions"}],"wp:attachment":[{"href":"https:\/\/instalin.es\/en\/wp-json\/wp\/v2\/media?parent=3"}],"curies":[{"name":"wp","href":"https:\/\/api.w.org\/{rel}","templated":true}]}}