{"id":3230,"date":"2026-03-23T15:16:27","date_gmt":"2026-03-23T14:16:27","guid":{"rendered":"https:\/\/instalin.es\/?page_id=3230"},"modified":"2026-03-24T18:06:01","modified_gmt":"2026-03-24T17:06:01","slug":"condiciones-legales-mantenimientos","status":"publish","type":"page","link":"https:\/\/instalin.es\/en\/condiciones-legales-mantenimientos\/","title":{"rendered":"Condiciones legales &#038; Mantenimientos"},"content":{"rendered":"<style type=\"text\/css\" data-created_by=\"avia_inline_auto\" id=\"style-css-av-6c6m7w-37ee8c52bb5cdd5b4c9bfb704cd87099\">\n.avia-section.av-6c6m7w-37ee8c52bb5cdd5b4c9bfb704cd87099{\nmargin-top:0px;\nmargin-bottom:0px;\n}\n<\/style>\n<div id='av_section_1'  class='avia-section av-6c6m7w-37ee8c52bb5cdd5b4c9bfb704cd87099 main_color avia-section-no-padding avia-no-shadow  avia-builder-el-0  el_before_av_section  avia-builder-el-first  dashed-top avia-bg-style-fixed container_wrap fullsize'  ><div class='container av-section-cont-open' ><main  role=\"main\" itemprop=\"mainContentOfPage\"  class='template-page content  av-content-full alpha units'><div class='post-entry post-entry-type-page post-entry-3230'><div class='entry-content-wrapper clearfix'>\n\n<style type=\"text\/css\" data-created_by=\"avia_inline_auto\" id=\"style-css-av-min9cf8v-dd39366cd08823131e4a0a1a7080f6a4\">\n#top .hr.hr-invisible.av-min9cf8v-dd39366cd08823131e4a0a1a7080f6a4{\nheight:30px;\n}\n<\/style>\n<div  class='hr av-min9cf8v-dd39366cd08823131e4a0a1a7080f6a4 hr-invisible  avia-builder-el-1  el_before_av_heading  avia-builder-el-first'><span class='hr-inner'><span class=\"hr-inner-style\"><\/span><\/span><\/div>\n\n<style type=\"text\/css\" data-created_by=\"avia_inline_auto\" id=\"style-css-av-26jbbg-43c51addd9c8582d013dd957e55a3c20\">\n#top .av-special-heading.av-26jbbg-43c51addd9c8582d013dd957e55a3c20{\nmargin:10px 0 10px 0;\npadding-bottom:10px;\ncolor:#000000;\nfont-size:70px;\n}\nbody .av-special-heading.av-26jbbg-43c51addd9c8582d013dd957e55a3c20 .av-special-heading-tag .heading-char{\nfont-size:25px;\n}\n#top #wrap_all .av-special-heading.av-26jbbg-43c51addd9c8582d013dd957e55a3c20 .av-special-heading-tag{\nfont-size:70px;\npadding:0 0 0 0;\n}\n.av-special-heading.av-26jbbg-43c51addd9c8582d013dd957e55a3c20 .special-heading-inner-border{\nborder-color:#000000;\n}\n.av-special-heading.av-26jbbg-43c51addd9c8582d013dd957e55a3c20 .av-subheading{\nfont-size:15px;\n}\n\n@media only screen and (min-width: 480px) and (max-width: 767px){ \n#top #wrap_all .av-special-heading.av-26jbbg-43c51addd9c8582d013dd957e55a3c20 .av-special-heading-tag{\nfont-size:0.8em;\n}\n}\n\n@media only screen and (max-width: 479px){ \n#top #wrap_all .av-special-heading.av-26jbbg-43c51addd9c8582d013dd957e55a3c20 .av-special-heading-tag{\nfont-size:0.8em;\n}\n}\n<\/style>\n<div  class='av-special-heading av-26jbbg-43c51addd9c8582d013dd957e55a3c20 av-special-heading-h1 custom-color-heading blockquote modern-quote  avia-builder-el-2  el_after_av_hr  avia-builder-el-last  av-inherit-size'><h1 class='av-special-heading-tag'  itemprop=\"headline\"  >Condiciones legales \/ Mantenimientos<\/h1><div class=\"special-heading-border\"><div class=\"special-heading-inner-border\"><\/div><\/div><\/div>\n\n<\/div><\/div><\/main><!-- close content main element --><\/div><\/div>\n<style type=\"text\/css\" data-created_by=\"avia_inline_auto\" id=\"style-css-av-64jmj0-4db584513271e75b928fc1ce7b12a3a3\">\n.avia-section.av-64jmj0-4db584513271e75b928fc1ce7b12a3a3{\nmargin-top:0px;\nmargin-bottom:0px;\n}\n<\/style>\n<div id='av_section_2'  class='avia-section av-64jmj0-4db584513271e75b928fc1ce7b12a3a3 main_color avia-section-no-padding avia-no-shadow  avia-builder-el-3  el_after_av_section  avia-builder-el-last  dotted-top avia-bg-style-fixed container_wrap fullsize'  ><div class='container av-section-cont-open' ><div class='template-page content  av-content-full alpha units'><div class='post-entry post-entry-type-page post-entry-3230'><div class='entry-content-wrapper clearfix'>\n\n<style type=\"text\/css\" data-created_by=\"avia_inline_auto\" id=\"style-css-av-2le2v0-d9a183cd3944a851f5417f9ae6f38371\">\n#top .hr.hr-invisible.av-2le2v0-d9a183cd3944a851f5417f9ae6f38371{\nheight:30px;\n}\n<\/style>\n<div  class='hr av-2le2v0-d9a183cd3944a851f5417f9ae6f38371 hr-invisible  avia-builder-el-4  el_before_av_one_half  avia-builder-el-first'><span class='hr-inner'><span class=\"hr-inner-style\"><\/span><\/span><\/div>\n\n<style type=\"text\/css\" data-created_by=\"avia_inline_auto\" id=\"style-css-av-3yau7g-78f26820e1aec8eba58f5ade385b79cb\">\n#top .flex_column.av-3yau7g-78f26820e1aec8eba58f5ade385b79cb{\nmargin-top:0px;\nmargin-bottom:0px;\n}\n.flex_column.av-3yau7g-78f26820e1aec8eba58f5ade385b79cb{\npadding:0 0 0 0;\n}\n.responsive #top #wrap_all .flex_column.av-3yau7g-78f26820e1aec8eba58f5ade385b79cb{\nmargin-top:0px;\nmargin-bottom:0px;\n}\n<\/style>\n<div  class='flex_column av-3yau7g-78f26820e1aec8eba58f5ade385b79cb av_one_half  avia-builder-el-5  el_after_av_hr  el_before_av_one_half  first flex_column_div av-zero-column-padding'     ><style type=\"text\/css\" data-created_by=\"avia_inline_auto\" id=\"style-css-av-31rxfg-52f81280be5903355679dbf384620484\">\n#top .av_textblock_section.av-31rxfg-52f81280be5903355679dbf384620484 .avia_textblock{\npadding:0 0 0 0;\n}\n<\/style>\n<section  class='av_textblock_section av-31rxfg-52f81280be5903355679dbf384620484'   itemscope=\"itemscope\" itemtype=\"https:\/\/schema.org\/CreativeWork\" ><div class='avia_textblock av_inherit_color'  itemprop=\"text\" ><h4 class=\"has-text-align-center\" style=\"text-align: left;\">Propiedad intelectual<\/h4>\n<p><strong>INSTALEAN<\/strong> es en exclusiva el titular de todos los derechos de explotaci\u00f3n correspondientes a los programas de ordenador (sistemas \u00e1giles) y metodolog\u00edas de dichos programas, para todo el mundo y por tiempo indefinido. Los clientes no adquirir\u00e1n ning\u00fan derecho de propiedad sobre dichos programas. Los clientes solo podr\u00e1n usar los\u00a0 programas \u00a0de ordenador para los fines relacionados con su actividad econ\u00f3mica habitual por lo que \u00a0queda expresamente prohibido:<\/p>\n<ul>\n<li>Compartir con terceros el tiempo de uso, as\u00ed como hacerlos accesibles a terceros.<\/li>\n<li>Realizar versiones sucesivas de los programas ni programas derivados del mismo.<\/li>\n<li>Ingenier\u00eda inversa, reprogramaci\u00f3n o modificaci\u00f3n de cualquier naturaleza.<\/li>\n<li>Pedir a proveedores de ERP\/IT de reproducir, incluir, copiar estos sistemas \u00e1giles en sus productos.<\/li>\n<li>Transferir, traspasar, arrendar, o vender los programas, \u00a0as\u00ed como cualquier otro acto de disposici\u00f3n, temporal o permanente, gratuita u onerosamente, siendo responsables de las consecuencias que de tales acciones se deriven.<\/li>\n<li>Reclamar, Reproducir los c\u00f3digos fuentes, ni traducir su forma.<\/li>\n<\/ul>\n<p class=\"has-text-align-center\">\n<\/div><\/section><\/div>\n<style type=\"text\/css\" data-created_by=\"avia_inline_auto\" id=\"style-css-av-1zhbss-17e538aaf481cbe1877b1ccf64c57cef\">\n#top .flex_column.av-1zhbss-17e538aaf481cbe1877b1ccf64c57cef{\nmargin-top:0px;\nmargin-bottom:0px;\n}\n.flex_column.av-1zhbss-17e538aaf481cbe1877b1ccf64c57cef{\npadding:0 0 0 0;\n}\n.responsive #top #wrap_all .flex_column.av-1zhbss-17e538aaf481cbe1877b1ccf64c57cef{\nmargin-top:0px;\nmargin-bottom:0px;\n}\n<\/style>\n<div  class='flex_column av-1zhbss-17e538aaf481cbe1877b1ccf64c57cef av_one_half  avia-builder-el-7  el_after_av_one_half  avia-builder-el-last  flex_column_div av-zero-column-padding'     ><style type=\"text\/css\" data-created_by=\"avia_inline_auto\" id=\"style-css-av-min0njo5-39838a56f70aae16007680fb17c5b3e5\">\n#top .av_textblock_section.av-min0njo5-39838a56f70aae16007680fb17c5b3e5 .avia_textblock{\npadding:0 0 0 0;\n}\n<\/style>\n<section  class='av_textblock_section av-min0njo5-39838a56f70aae16007680fb17c5b3e5'   itemscope=\"itemscope\" itemtype=\"https:\/\/schema.org\/CreativeWork\" ><div class='avia_textblock av_inherit_color'  itemprop=\"text\" ><h4 class=\"has-text-align-center\" style=\"text-align: left;\">Licencias &amp; Mantenimiento Anual<\/h4>\n<p>Todos los contratos de Licencias y Mantenimiento tienen una temporalidad anual y se renuevan automaticamente a finales de cada a\u00f1o. Se puede resiliar los contratros de Licencias y Mantenimiento anuales a finales de cada a\u00f1o entre los meses de noviembre y diciembre ambos incluidos via correo electronico a helpdesk@insta-lean.com por parte del usuario admin. En cuanto a la contrataci\u00f3n de los\u00a0<strong><u>servicios de mantenimiento de software<\/u><\/strong>\u00a0propiedad de\u00a0<strong>InstaLean<\/strong>, ser\u00e1 causa de resoluci\u00f3n cualquiera de las siguientes causas: Impago de cualquiera de los c\u00e1nones anuales. El incumplimiento de las obligaciones establecidas en las cl\u00e1usulas relativas a propiedad intelectual. Producida la extinci\u00f3n del contrato de mantenimiento de software por cualquier motivo,el usuario devolver\u00e1 todas y cada una de las copias de los programas instalados de que pudiera disponer en un plazo de QUINCE D\u00cdAS a partir de la fecha de extinci\u00f3n, as\u00ed como los correspondientes Manuales de Usuario. En caso de resiliar el contrato de Licencias &amp; Mantenimiento Anual despues del plazo legal estipulado, el usuario deber\u00e1 de abonar la totalidad de la cuota del a\u00f1o en curso.<\/p>\n<p><strong>Todo cliente de InstaLean al contratar sus servicios adhiere a esta lista de condiciones y tarifas.<\/strong><\/p>\n<\/div><\/section><\/div>","protected":false},"excerpt":{"rendered":"","protected":false},"author":1,"featured_media":0,"parent":0,"menu_order":0,"comment_status":"closed","ping_status":"closed","template":"","meta":{"_joinchat":[],"footnotes":""},"class_list":["post-3230","page","type-page","status-publish","hentry"],"yoast_head":"<!-- This site is optimized with the Yoast SEO plugin v27.4 - https:\/\/yoast.com\/product\/yoast-seo-wordpress\/ -->\n<title>Condiciones legales &amp; Mantenimientos - INSTALIN_Results delivered<\/title>\n<meta name=\"robots\" content=\"noindex, follow\" \/>\n<meta property=\"og:locale\" content=\"en_US\" \/>\n<meta property=\"og:type\" content=\"article\" \/>\n<meta property=\"og:title\" content=\"Condiciones legales &amp; Mantenimientos - INSTALIN_Results delivered\" \/>\n<meta property=\"og:url\" content=\"https:\/\/instalin.es\/en\/condiciones-legales-mantenimientos\/\" \/>\n<meta property=\"og:site_name\" content=\"INSTALIN_Results delivered\" \/>\n<meta property=\"article:modified_time\" content=\"2026-03-24T17:06:01+00:00\" \/>\n<meta name=\"twitter:card\" content=\"summary_large_image\" \/>\n<meta name=\"twitter:label1\" content=\"Est. reading time\" \/>\n\t<meta name=\"twitter:data1\" content=\"2 minutes\" \/>\n<script type=\"application\/ld+json\" class=\"yoast-schema-graph\">{\"@context\":\"https:\\\/\\\/schema.org\",\"@graph\":[{\"@type\":\"WebPage\",\"@id\":\"https:\\\/\\\/instalin.es\\\/condiciones-legales-mantenimientos\\\/\",\"url\":\"https:\\\/\\\/instalin.es\\\/condiciones-legales-mantenimientos\\\/\",\"name\":\"Condiciones legales & Mantenimientos - INSTALIN_Results delivered\",\"isPartOf\":{\"@id\":\"https:\\\/\\\/instalin.es\\\/#website\"},\"datePublished\":\"2026-03-23T14:16:27+00:00\",\"dateModified\":\"2026-03-24T17:06:01+00:00\",\"breadcrumb\":{\"@id\":\"https:\\\/\\\/instalin.es\\\/condiciones-legales-mantenimientos\\\/#breadcrumb\"},\"inLanguage\":\"en-US\",\"potentialAction\":[{\"@type\":\"ReadAction\",\"target\":[\"https:\\\/\\\/instalin.es\\\/condiciones-legales-mantenimientos\\\/\"]}]},{\"@type\":\"BreadcrumbList\",\"@id\":\"https:\\\/\\\/instalin.es\\\/condiciones-legales-mantenimientos\\\/#breadcrumb\",\"itemListElement\":[{\"@type\":\"ListItem\",\"position\":1,\"name\":\"Home\",\"item\":\"https:\\\/\\\/instalin.es\\\/home\\\/\"},{\"@type\":\"ListItem\",\"position\":2,\"name\":\"Condiciones legales &#038; Mantenimientos\"}]},{\"@type\":\"WebSite\",\"@id\":\"https:\\\/\\\/instalin.es\\\/#website\",\"url\":\"https:\\\/\\\/instalin.es\\\/\",\"name\":\"INSTALIN_Results delivered\",\"description\":\"Transformaci\u00f3n industrial desde el campo, no desde el despacho\",\"potentialAction\":[{\"@type\":\"SearchAction\",\"target\":{\"@type\":\"EntryPoint\",\"urlTemplate\":\"https:\\\/\\\/instalin.es\\\/?s={search_term_string}\"},\"query-input\":{\"@type\":\"PropertyValueSpecification\",\"valueRequired\":true,\"valueName\":\"search_term_string\"}}],\"inLanguage\":\"en-US\"}]}<\/script>\n<!-- \/ Yoast SEO plugin. -->","yoast_head_json":{"title":"Condiciones legales & Mantenimientos - INSTALIN_Results delivered","robots":{"index":"noindex","follow":"follow"},"og_locale":"en_US","og_type":"article","og_title":"Condiciones legales & Mantenimientos - INSTALIN_Results delivered","og_url":"https:\/\/instalin.es\/en\/condiciones-legales-mantenimientos\/","og_site_name":"INSTALIN_Results delivered","article_modified_time":"2026-03-24T17:06:01+00:00","twitter_card":"summary_large_image","twitter_misc":{"Est. reading time":"2 minutes"},"schema":{"@context":"https:\/\/schema.org","@graph":[{"@type":"WebPage","@id":"https:\/\/instalin.es\/condiciones-legales-mantenimientos\/","url":"https:\/\/instalin.es\/condiciones-legales-mantenimientos\/","name":"Condiciones legales & Mantenimientos - INSTALIN_Results delivered","isPartOf":{"@id":"https:\/\/instalin.es\/#website"},"datePublished":"2026-03-23T14:16:27+00:00","dateModified":"2026-03-24T17:06:01+00:00","breadcrumb":{"@id":"https:\/\/instalin.es\/condiciones-legales-mantenimientos\/#breadcrumb"},"inLanguage":"en-US","potentialAction":[{"@type":"ReadAction","target":["https:\/\/instalin.es\/condiciones-legales-mantenimientos\/"]}]},{"@type":"BreadcrumbList","@id":"https:\/\/instalin.es\/condiciones-legales-mantenimientos\/#breadcrumb","itemListElement":[{"@type":"ListItem","position":1,"name":"Home","item":"https:\/\/instalin.es\/home\/"},{"@type":"ListItem","position":2,"name":"Condiciones legales &#038; Mantenimientos"}]},{"@type":"WebSite","@id":"https:\/\/instalin.es\/#website","url":"https:\/\/instalin.es\/","name":"INSTALIN_Results delivered","description":"Transformaci\u00f3n industrial desde el campo, no desde el despacho","potentialAction":[{"@type":"SearchAction","target":{"@type":"EntryPoint","urlTemplate":"https:\/\/instalin.es\/?s={search_term_string}"},"query-input":{"@type":"PropertyValueSpecification","valueRequired":true,"valueName":"search_term_string"}}],"inLanguage":"en-US"}]}},"_links":{"self":[{"href":"https:\/\/instalin.es\/en\/wp-json\/wp\/v2\/pages\/3230","targetHints":{"allow":["GET"]}}],"collection":[{"href":"https:\/\/instalin.es\/en\/wp-json\/wp\/v2\/pages"}],"about":[{"href":"https:\/\/instalin.es\/en\/wp-json\/wp\/v2\/types\/page"}],"author":[{"embeddable":true,"href":"https:\/\/instalin.es\/en\/wp-json\/wp\/v2\/users\/1"}],"replies":[{"embeddable":true,"href":"https:\/\/instalin.es\/en\/wp-json\/wp\/v2\/comments?post=3230"}],"version-history":[{"count":0,"href":"https:\/\/instalin.es\/en\/wp-json\/wp\/v2\/pages\/3230\/revisions"}],"wp:attachment":[{"href":"https:\/\/instalin.es\/en\/wp-json\/wp\/v2\/media?parent=3230"}],"curies":[{"name":"wp","href":"https:\/\/api.w.org\/{rel}","templated":true}]}}